{"id":42,"date":"2016-04-25T18:24:07","date_gmt":"2016-04-25T18:24:07","guid":{"rendered":"https:\/\/fabianarossisite.wordpress.com\/?page_id=42"},"modified":"2018-05-28T03:16:38","modified_gmt":"2018-05-28T03:16:38","slug":"chas","status":"publish","type":"page","link":"http:\/\/fabianarossi.com.br\/index.php\/chas\/","title":{"rendered":"Ch\u00e1s e Batizados"},"content":{"rendered":"<blockquote>\n<h3><\/h3>\n<h4>Ch\u00e1s de Beb\u00ea, Ch\u00e1s de Cozinha e Batizados<\/h4>\n<p><img data-recalc-dims=\"1\" decoding=\"async\" data-attachment-id=\"1061\" data-permalink=\"http:\/\/fabianarossi.com.br\/index.php\/chas\/batizado\/#main\" data-orig-file=\"https:\/\/i0.wp.com\/fabianarossi.com.br\/wp-content\/uploads\/2018\/05\/batizado.jpg?fit=500%2C333\" data-orig-size=\"500,333\" data-comments-opened=\"1\" data-image-meta=\"{&quot;aperture&quot;:&quot;0&quot;,&quot;credit&quot;:&quot;&quot;,&quot;camera&quot;:&quot;&quot;,&quot;caption&quot;:&quot;&quot;,&quot;created_timestamp&quot;:&quot;0&quot;,&quot;copyright&quot;:&quot;&quot;,&quot;focal_length&quot;:&quot;0&quot;,&quot;iso&quot;:&quot;0&quot;,&quot;shutter_speed&quot;:&quot;0&quot;,&quot;title&quot;:&quot;&quot;,&quot;orientation&quot;:&quot;0&quot;}\" data-image-title=\"batizado\" data-image-description=\"\" data-image-caption=\"\" data-medium-file=\"https:\/\/i0.wp.com\/fabianarossi.com.br\/wp-content\/uploads\/2018\/05\/batizado.jpg?fit=300%2C200\" data-large-file=\"https:\/\/i0.wp.com\/fabianarossi.com.br\/wp-content\/uploads\/2018\/05\/batizado.jpg?fit=500%2C333\" loading=\"lazy\" class=\"alignleft wp-image-1061\" src=\"https:\/\/i0.wp.com\/fabianarossi.com.br\/wp-content\/uploads\/2018\/05\/batizado.jpg?resize=326%2C217\" alt=\"\" width=\"326\" height=\"217\" srcset=\"https:\/\/i0.wp.com\/fabianarossi.com.br\/wp-content\/uploads\/2018\/05\/batizado.jpg?w=500 500w, https:\/\/i0.wp.com\/fabianarossi.com.br\/wp-content\/uploads\/2018\/05\/batizado.jpg?resize=300%2C200 300w, https:\/\/i0.wp.com\/fabianarossi.com.br\/wp-content\/uploads\/2018\/05\/batizado.jpg?resize=200%2C133 200w\" sizes=\"auto, (max-width: 326px) 100vw, 326px\" \/> <img data-recalc-dims=\"1\" decoding=\"async\" data-attachment-id=\"1062\" data-permalink=\"http:\/\/fabianarossi.com.br\/index.php\/chas\/batizado_2\/#main\" data-orig-file=\"https:\/\/i0.wp.com\/fabianarossi.com.br\/wp-content\/uploads\/2018\/05\/batizado_2.jpg?fit=500%2C333\" data-orig-size=\"500,333\" data-comments-opened=\"1\" data-image-meta=\"{&quot;aperture&quot;:&quot;0&quot;,&quot;credit&quot;:&quot;&quot;,&quot;camera&quot;:&quot;&quot;,&quot;caption&quot;:&quot;&quot;,&quot;created_timestamp&quot;:&quot;0&quot;,&quot;copyright&quot;:&quot;&quot;,&quot;focal_length&quot;:&quot;0&quot;,&quot;iso&quot;:&quot;0&quot;,&quot;shutter_speed&quot;:&quot;0&quot;,&quot;title&quot;:&quot;&quot;,&quot;orientation&quot;:&quot;0&quot;}\" data-image-title=\"batizado_2\" data-image-description=\"\" data-image-caption=\"\" data-medium-file=\"https:\/\/i0.wp.com\/fabianarossi.com.br\/wp-content\/uploads\/2018\/05\/batizado_2.jpg?fit=300%2C200\" data-large-file=\"https:\/\/i0.wp.com\/fabianarossi.com.br\/wp-content\/uploads\/2018\/05\/batizado_2.jpg?fit=500%2C333\" loading=\"lazy\" class=\"alignleft wp-image-1062\" src=\"https:\/\/i0.wp.com\/fabianarossi.com.br\/wp-content\/uploads\/2018\/05\/batizado_2.jpg?resize=326%2C217\" alt=\"\" width=\"326\" height=\"217\" srcset=\"https:\/\/i0.wp.com\/fabianarossi.com.br\/wp-content\/uploads\/2018\/05\/batizado_2.jpg?w=500 500w, https:\/\/i0.wp.com\/fabianarossi.com.br\/wp-content\/uploads\/2018\/05\/batizado_2.jpg?resize=300%2C200 300w, https:\/\/i0.wp.com\/fabianarossi.com.br\/wp-content\/uploads\/2018\/05\/batizado_2.jpg?resize=200%2C133 200w\" sizes=\"auto, (max-width: 326px) 100vw, 326px\" \/> <img data-recalc-dims=\"1\" decoding=\"async\" data-attachment-id=\"1063\" data-permalink=\"http:\/\/fabianarossi.com.br\/index.php\/chas\/batizado_4\/#main\" data-orig-file=\"https:\/\/i0.wp.com\/fabianarossi.com.br\/wp-content\/uploads\/2018\/05\/batizado_4.jpg?fit=500%2C333\" data-orig-size=\"500,333\" data-comments-opened=\"1\" data-image-meta=\"{&quot;aperture&quot;:&quot;0&quot;,&quot;credit&quot;:&quot;&quot;,&quot;camera&quot;:&quot;&quot;,&quot;caption&quot;:&quot;&quot;,&quot;created_timestamp&quot;:&quot;0&quot;,&quot;copyright&quot;:&quot;&quot;,&quot;focal_length&quot;:&quot;0&quot;,&quot;iso&quot;:&quot;0&quot;,&quot;shutter_speed&quot;:&quot;0&quot;,&quot;title&quot;:&quot;&quot;,&quot;orientation&quot;:&quot;0&quot;}\" data-image-title=\"batizado_4\" data-image-description=\"\" data-image-caption=\"\" data-medium-file=\"https:\/\/i0.wp.com\/fabianarossi.com.br\/wp-content\/uploads\/2018\/05\/batizado_4.jpg?fit=300%2C200\" data-large-file=\"https:\/\/i0.wp.com\/fabianarossi.com.br\/wp-content\/uploads\/2018\/05\/batizado_4.jpg?fit=500%2C333\" loading=\"lazy\" class=\"alignleft wp-image-1063\" src=\"https:\/\/i0.wp.com\/fabianarossi.com.br\/wp-content\/uploads\/2018\/05\/batizado_4.jpg?resize=326%2C217\" alt=\"\" width=\"326\" height=\"217\" srcset=\"https:\/\/i0.wp.com\/fabianarossi.com.br\/wp-content\/uploads\/2018\/05\/batizado_4.jpg?w=500 500w, https:\/\/i0.wp.com\/fabianarossi.com.br\/wp-content\/uploads\/2018\/05\/batizado_4.jpg?resize=300%2C200 300w, https:\/\/i0.wp.com\/fabianarossi.com.br\/wp-content\/uploads\/2018\/05\/batizado_4.jpg?resize=200%2C133 200w\" sizes=\"auto, (max-width: 326px) 100vw, 326px\" \/><\/p><\/blockquote>\n<style type=\"text\/css\">\n#foogallery-gallery-710 .fg-image { width: 326px; }\n#foogallery-gallery-710 { --fg-gutter: 10px; }<\/style>\n\t\t\t<div class=\"foogallery foogallery-container foogallery-default foogallery-lightbox-foobox fg-left fg-default fg-ready fg-light fg-border-thin fg-shadow-outline fg-loading-default fg-loaded-fade-in fg-caption-hover fg-hover-fade fg-hover-zoom\" id=\"foogallery-gallery-710\" data-foogallery=\"{&quot;item&quot;:{&quot;showCaptionTitle&quot;:true,&quot;showCaptionDescription&quot;:true},&quot;lazy&quot;:true}\" style=\"--fg-title-line-clamp: 0; --fg-description-line-clamp: 0;\" >\n\t<div class=\"fg-item fg-type-image fg-idle\"><figure class=\"fg-item-inner\"><a href=\"http:\/\/fabianarossi.com.br\/wp-content\/uploads\/2016\/04\/Cha-do-Enrico-Camila-03-e1478488221835.jpg\" data-caption-title=\"Cha do Enrico\" data-attachment-id=\"358\" data-type=\"image\" class=\"fg-thumb\"><span class=\"fg-image-wrap\"><img fetchpriority=\"high\" decoding=\"async\" title=\"Cha do Enrico\" width=\"326\" height=\"220\" class=\"skip-lazy fg-image\" data-src-fg=\"http:\/\/fabianarossi.com.br\/wp-content\/uploads\/cache\/2016\/04\/Cha-do-Enrico-Camila-03-e1478488221835\/2271947070.jpg\" src=\"data:image\/svg+xml,%3Csvg%20xmlns%3D%22http%3A%2F%2Fwww.w3.org%2F2000%2Fsvg%22%20width%3D%22326%22%20height%3D%22220%22%20viewBox%3D%220%200%20326%20220%22%3E%3C%2Fsvg%3E\" loading=\"eager\"><\/span><span class=\"fg-image-overlay\"><\/span><\/a><figcaption class=\"fg-caption\"><div class=\"fg-caption-inner\"><div class=\"fg-caption-title\">Cha do Enrico<\/div><\/div><\/figcaption><\/figure><div class=\"fg-loader\"><\/div><\/div><div class=\"fg-item fg-type-image fg-idle\"><figure class=\"fg-item-inner\"><a href=\"http:\/\/fabianarossi.com.br\/wp-content\/uploads\/2016\/04\/Cha-do-Enrico-Camila-07-e1478488314753.jpg\" data-caption-title=\"Cha do Enrico\" data-attachment-id=\"363\" data-type=\"image\" class=\"fg-thumb\"><span class=\"fg-image-wrap\"><img decoding=\"async\" title=\"Cha do Enrico\" width=\"326\" height=\"220\" class=\"skip-lazy fg-image\" data-src-fg=\"http:\/\/fabianarossi.com.br\/wp-content\/uploads\/cache\/2016\/04\/Cha-do-Enrico-Camila-07-e1478488314753\/2302893308.jpg\" src=\"data:image\/svg+xml,%3Csvg%20xmlns%3D%22http%3A%2F%2Fwww.w3.org%2F2000%2Fsvg%22%20width%3D%22326%22%20height%3D%22220%22%20viewBox%3D%220%200%20326%20220%22%3E%3C%2Fsvg%3E\" loading=\"eager\"><\/span><span class=\"fg-image-overlay\"><\/span><\/a><figcaption class=\"fg-caption\"><div class=\"fg-caption-inner\"><div class=\"fg-caption-title\">Cha do Enrico<\/div><\/div><\/figcaption><\/figure><div class=\"fg-loader\"><\/div><\/div><div class=\"fg-item fg-type-image fg-idle\"><figure class=\"fg-item-inner\"><a href=\"http:\/\/fabianarossi.com.br\/wp-content\/uploads\/2016\/04\/Cha-do-Enrico-Camila-02-e1478488203801.jpg\" data-caption-title=\"Cha do Enrico\" data-attachment-id=\"357\" data-type=\"image\" class=\"fg-thumb\"><span class=\"fg-image-wrap\"><img decoding=\"async\" title=\"Cha do Enrico\" width=\"326\" height=\"220\" class=\"skip-lazy fg-image\" data-src-fg=\"http:\/\/fabianarossi.com.br\/wp-content\/uploads\/cache\/2016\/04\/Cha-do-Enrico-Camila-02-e1478488203801\/1144209397.jpg\" src=\"data:image\/svg+xml,%3Csvg%20xmlns%3D%22http%3A%2F%2Fwww.w3.org%2F2000%2Fsvg%22%20width%3D%22326%22%20height%3D%22220%22%20viewBox%3D%220%200%20326%20220%22%3E%3C%2Fsvg%3E\" loading=\"eager\"><\/span><span class=\"fg-image-overlay\"><\/span><\/a><figcaption class=\"fg-caption\"><div class=\"fg-caption-inner\"><div class=\"fg-caption-title\">Cha do Enrico<\/div><\/div><\/figcaption><\/figure><div class=\"fg-loader\"><\/div><\/div><div class=\"fg-item fg-type-image fg-idle\"><figure class=\"fg-item-inner\"><a href=\"http:\/\/fabianarossi.com.br\/wp-content\/uploads\/2016\/04\/Cha-do-Enrico-Camila-06-e1478488285113.jpg\" data-caption-title=\"Cha do Enrico\" data-attachment-id=\"362\" data-type=\"image\" class=\"fg-thumb\"><span class=\"fg-image-wrap\"><img decoding=\"async\" title=\"Cha do Enrico\" width=\"326\" height=\"220\" class=\"skip-lazy fg-image\" data-src-fg=\"http:\/\/fabianarossi.com.br\/wp-content\/uploads\/cache\/2016\/04\/Cha-do-Enrico-Camila-06-e1478488285113\/2054326314.jpg\" src=\"data:image\/svg+xml,%3Csvg%20xmlns%3D%22http%3A%2F%2Fwww.w3.org%2F2000%2Fsvg%22%20width%3D%22326%22%20height%3D%22220%22%20viewBox%3D%220%200%20326%20220%22%3E%3C%2Fsvg%3E\" loading=\"eager\"><\/span><span class=\"fg-image-overlay\"><\/span><\/a><figcaption class=\"fg-caption\"><div class=\"fg-caption-inner\"><div class=\"fg-caption-title\">Cha do Enrico<\/div><\/div><\/figcaption><\/figure><div class=\"fg-loader\"><\/div><\/div><div class=\"fg-item fg-type-image fg-idle\"><figure class=\"fg-item-inner\"><a href=\"http:\/\/fabianarossi.com.br\/wp-content\/uploads\/2016\/04\/Cha-do-Enrico-Camila-01-e1478488184335.jpg\" data-caption-title=\"Cha do Enrico\" data-attachment-id=\"356\" data-type=\"image\" class=\"fg-thumb\"><span class=\"fg-image-wrap\"><img decoding=\"async\" title=\"Cha do Enrico\" width=\"326\" height=\"220\" class=\"skip-lazy fg-image\" data-src-fg=\"http:\/\/fabianarossi.com.br\/wp-content\/uploads\/cache\/2016\/04\/Cha-do-Enrico-Camila-01-e1478488184335\/1544413998.jpg\" src=\"data:image\/svg+xml,%3Csvg%20xmlns%3D%22http%3A%2F%2Fwww.w3.org%2F2000%2Fsvg%22%20width%3D%22326%22%20height%3D%22220%22%20viewBox%3D%220%200%20326%20220%22%3E%3C%2Fsvg%3E\" loading=\"eager\"><\/span><span class=\"fg-image-overlay\"><\/span><\/a><figcaption class=\"fg-caption\"><div class=\"fg-caption-inner\"><div class=\"fg-caption-title\">Cha do Enrico<\/div><\/div><\/figcaption><\/figure><div class=\"fg-loader\"><\/div><\/div><div class=\"fg-item fg-type-image fg-idle\"><figure class=\"fg-item-inner\"><a href=\"http:\/\/fabianarossi.com.br\/wp-content\/uploads\/2016\/04\/Cha-do-Enrico-Camila-05-e1478488262794.jpg\" data-caption-title=\"Cha do Enrico\" data-attachment-id=\"361\" data-type=\"image\" class=\"fg-thumb\"><span class=\"fg-image-wrap\"><img decoding=\"async\" title=\"Cha do Enrico\" width=\"326\" height=\"220\" class=\"skip-lazy fg-image\" data-src-fg=\"http:\/\/fabianarossi.com.br\/wp-content\/uploads\/cache\/2016\/04\/Cha-do-Enrico-Camila-05-e1478488262794\/1626132010.jpg\" src=\"data:image\/svg+xml,%3Csvg%20xmlns%3D%22http%3A%2F%2Fwww.w3.org%2F2000%2Fsvg%22%20width%3D%22326%22%20height%3D%22220%22%20viewBox%3D%220%200%20326%20220%22%3E%3C%2Fsvg%3E\" loading=\"eager\"><\/span><span class=\"fg-image-overlay\"><\/span><\/a><figcaption class=\"fg-caption\"><div class=\"fg-caption-inner\"><div class=\"fg-caption-title\">Cha do Enrico<\/div><\/div><\/figcaption><\/figure><div class=\"fg-loader\"><\/div><\/div><\/div>\n\n<p>&nbsp;<\/p>\n<style type=\"text\/css\">\n#foogallery-gallery-713 .fg-image { width: 326px; }\n#foogallery-gallery-713 { --fg-gutter: 10px; }<\/style>\n\t\t\t<div class=\"foogallery foogallery-container foogallery-default foogallery-lightbox-foobox fg-left fg-default fg-ready fg-light fg-border-thin fg-shadow-outline fg-loading-default fg-loaded-fade-in fg-caption-hover fg-hover-fade fg-hover-zoom\" id=\"foogallery-gallery-713\" data-foogallery=\"{&quot;item&quot;:{&quot;showCaptionTitle&quot;:true,&quot;showCaptionDescription&quot;:true},&quot;lazy&quot;:true}\" style=\"--fg-title-line-clamp: 0; --fg-description-line-clamp: 0;\" >\n\t<div class=\"fg-item fg-type-image fg-idle\"><figure class=\"fg-item-inner\"><a href=\"http:\/\/fabianarossi.com.br\/wp-content\/uploads\/2016\/04\/Cha-do-Pedro-03.jpg\" data-caption-title=\"Ch\u00e1 do Pedro\" data-attachment-id=\"385\" data-type=\"image\" class=\"fg-thumb\"><span class=\"fg-image-wrap\"><img decoding=\"async\" title=\"Ch\u00e1 do Pedro\" width=\"326\" height=\"220\" class=\"skip-lazy fg-image\" data-src-fg=\"http:\/\/fabianarossi.com.br\/wp-content\/uploads\/cache\/2016\/04\/Cha-do-Pedro-03\/682259945.jpg\" src=\"data:image\/svg+xml,%3Csvg%20xmlns%3D%22http%3A%2F%2Fwww.w3.org%2F2000%2Fsvg%22%20width%3D%22326%22%20height%3D%22220%22%20viewBox%3D%220%200%20326%20220%22%3E%3C%2Fsvg%3E\" loading=\"eager\"><\/span><span class=\"fg-image-overlay\"><\/span><\/a><figcaption class=\"fg-caption\"><div class=\"fg-caption-inner\"><div class=\"fg-caption-title\">Ch\u00e1 do Pedro<\/div><\/div><\/figcaption><\/figure><div class=\"fg-loader\"><\/div><\/div><div class=\"fg-item fg-type-image fg-idle\"><figure class=\"fg-item-inner\"><a href=\"http:\/\/fabianarossi.com.br\/wp-content\/uploads\/2016\/04\/Cha-do-Pedro-05.jpg\" data-caption-title=\"Ch\u00e1 do Pedro\" data-attachment-id=\"387\" data-type=\"image\" class=\"fg-thumb\"><span class=\"fg-image-wrap\"><img decoding=\"async\" title=\"Ch\u00e1 do Pedro\" width=\"326\" height=\"220\" class=\"skip-lazy fg-image\" data-src-fg=\"http:\/\/fabianarossi.com.br\/wp-content\/uploads\/cache\/2016\/04\/Cha-do-Pedro-05\/866931018.jpg\" src=\"data:image\/svg+xml,%3Csvg%20xmlns%3D%22http%3A%2F%2Fwww.w3.org%2F2000%2Fsvg%22%20width%3D%22326%22%20height%3D%22220%22%20viewBox%3D%220%200%20326%20220%22%3E%3C%2Fsvg%3E\" loading=\"eager\"><\/span><span class=\"fg-image-overlay\"><\/span><\/a><figcaption class=\"fg-caption\"><div class=\"fg-caption-inner\"><div class=\"fg-caption-title\">Ch\u00e1 do Pedro<\/div><\/div><\/figcaption><\/figure><div class=\"fg-loader\"><\/div><\/div><div class=\"fg-item fg-type-image fg-idle\"><figure class=\"fg-item-inner\"><a href=\"http:\/\/fabianarossi.com.br\/wp-content\/uploads\/2016\/04\/Cha-do-Pedro-04.jpg\" data-caption-title=\"Ch\u00e1 do Pedro\" data-attachment-id=\"386\" data-type=\"image\" class=\"fg-thumb\"><span class=\"fg-image-wrap\"><img decoding=\"async\" title=\"Ch\u00e1 do Pedro\" width=\"326\" height=\"220\" class=\"skip-lazy fg-image\" data-src-fg=\"http:\/\/fabianarossi.com.br\/wp-content\/uploads\/cache\/2016\/04\/Cha-do-Pedro-04\/2444412742.jpg\" src=\"data:image\/svg+xml,%3Csvg%20xmlns%3D%22http%3A%2F%2Fwww.w3.org%2F2000%2Fsvg%22%20width%3D%22326%22%20height%3D%22220%22%20viewBox%3D%220%200%20326%20220%22%3E%3C%2Fsvg%3E\" loading=\"eager\"><\/span><span class=\"fg-image-overlay\"><\/span><\/a><figcaption class=\"fg-caption\"><div class=\"fg-caption-inner\"><div class=\"fg-caption-title\">Ch\u00e1 do Pedro<\/div><\/div><\/figcaption><\/figure><div class=\"fg-loader\"><\/div><\/div><div class=\"fg-item fg-type-image fg-idle\"><figure class=\"fg-item-inner\"><a href=\"http:\/\/fabianarossi.com.br\/wp-content\/uploads\/2016\/04\/Cha-do-Pedro-02.jpg\" data-caption-title=\"Ch\u00e1 do Pedro\" data-attachment-id=\"384\" data-type=\"image\" class=\"fg-thumb\"><span class=\"fg-image-wrap\"><img decoding=\"async\" title=\"Ch\u00e1 do Pedro\" width=\"326\" height=\"220\" class=\"skip-lazy fg-image\" data-src-fg=\"http:\/\/fabianarossi.com.br\/wp-content\/uploads\/cache\/2016\/04\/Cha-do-Pedro-02\/2327110629.jpg\" src=\"data:image\/svg+xml,%3Csvg%20xmlns%3D%22http%3A%2F%2Fwww.w3.org%2F2000%2Fsvg%22%20width%3D%22326%22%20height%3D%22220%22%20viewBox%3D%220%200%20326%20220%22%3E%3C%2Fsvg%3E\" loading=\"eager\"><\/span><span class=\"fg-image-overlay\"><\/span><\/a><figcaption class=\"fg-caption\"><div class=\"fg-caption-inner\"><div class=\"fg-caption-title\">Ch\u00e1 do Pedro<\/div><\/div><\/figcaption><\/figure><div class=\"fg-loader\"><\/div><\/div><div class=\"fg-item fg-type-image fg-idle\"><figure class=\"fg-item-inner\"><a href=\"http:\/\/fabianarossi.com.br\/wp-content\/uploads\/2016\/04\/Cha-do-Pedro-01.jpg\" data-caption-title=\"Ch\u00e1 do Pedro\" data-attachment-id=\"383\" data-type=\"image\" class=\"fg-thumb\"><span class=\"fg-image-wrap\"><img decoding=\"async\" title=\"Ch\u00e1 do Pedro\" width=\"326\" height=\"220\" class=\"skip-lazy fg-image\" data-src-fg=\"http:\/\/fabianarossi.com.br\/wp-content\/uploads\/cache\/2016\/04\/Cha-do-Pedro-01\/3594847161.jpg\" src=\"data:image\/svg+xml,%3Csvg%20xmlns%3D%22http%3A%2F%2Fwww.w3.org%2F2000%2Fsvg%22%20width%3D%22326%22%20height%3D%22220%22%20viewBox%3D%220%200%20326%20220%22%3E%3C%2Fsvg%3E\" loading=\"eager\"><\/span><span class=\"fg-image-overlay\"><\/span><\/a><figcaption class=\"fg-caption\"><div class=\"fg-caption-inner\"><div class=\"fg-caption-title\">Ch\u00e1 do Pedro<\/div><\/div><\/figcaption><\/figure><div class=\"fg-loader\"><\/div><\/div><\/div>\n\n<p>&nbsp;<\/p>\n<style type=\"text\/css\">\n#foogallery-gallery-711 .fg-image { width: 326px; }\n#foogallery-gallery-711 { --fg-gutter: 10px; }<\/style>\n\t\t\t<div class=\"foogallery foogallery-container foogallery-default foogallery-lightbox-foobox fg-left fg-default fg-ready fg-light fg-border-thin fg-shadow-outline fg-loading-default fg-loaded-fade-in fg-caption-hover fg-hover-fade fg-hover-zoom\" id=\"foogallery-gallery-711\" data-foogallery=\"{&quot;item&quot;:{&quot;showCaptionTitle&quot;:true,&quot;showCaptionDescription&quot;:true},&quot;lazy&quot;:true}\" style=\"--fg-title-line-clamp: 0; --fg-description-line-clamp: 0;\" >\n\t<div class=\"fg-item fg-type-image fg-idle\"><figure class=\"fg-item-inner\"><a href=\"http:\/\/fabianarossi.com.br\/wp-content\/uploads\/2016\/04\/Cha-Amanda-03.jpg\" data-caption-title=\"Ch\u00e1 da Amanda\" data-attachment-id=\"368\" data-type=\"image\" class=\"fg-thumb\"><span class=\"fg-image-wrap\"><img decoding=\"async\" title=\"Ch\u00e1 da Amanda\" width=\"326\" height=\"220\" class=\"skip-lazy fg-image\" data-src-fg=\"http:\/\/fabianarossi.com.br\/wp-content\/uploads\/cache\/2016\/04\/Cha-Amanda-03\/1920318935.jpg\" src=\"data:image\/svg+xml,%3Csvg%20xmlns%3D%22http%3A%2F%2Fwww.w3.org%2F2000%2Fsvg%22%20width%3D%22326%22%20height%3D%22220%22%20viewBox%3D%220%200%20326%20220%22%3E%3C%2Fsvg%3E\" loading=\"eager\"><\/span><span class=\"fg-image-overlay\"><\/span><\/a><figcaption class=\"fg-caption\"><div class=\"fg-caption-inner\"><div class=\"fg-caption-title\">Ch\u00e1 da Amanda<\/div><\/div><\/figcaption><\/figure><div class=\"fg-loader\"><\/div><\/div><div class=\"fg-item fg-type-image fg-idle\"><figure class=\"fg-item-inner\"><a href=\"http:\/\/fabianarossi.com.br\/wp-content\/uploads\/2016\/04\/Cha-Amanda-04.jpg\" data-caption-title=\"Ch\u00e1 da Amanda\" data-attachment-id=\"369\" data-type=\"image\" class=\"fg-thumb\"><span class=\"fg-image-wrap\"><img decoding=\"async\" title=\"Ch\u00e1 da Amanda\" width=\"326\" height=\"220\" class=\"skip-lazy fg-image\" data-src-fg=\"http:\/\/fabianarossi.com.br\/wp-content\/uploads\/cache\/2016\/04\/Cha-Amanda-04\/2284511330.jpg\" src=\"data:image\/svg+xml,%3Csvg%20xmlns%3D%22http%3A%2F%2Fwww.w3.org%2F2000%2Fsvg%22%20width%3D%22326%22%20height%3D%22220%22%20viewBox%3D%220%200%20326%20220%22%3E%3C%2Fsvg%3E\" loading=\"eager\"><\/span><span class=\"fg-image-overlay\"><\/span><\/a><figcaption class=\"fg-caption\"><div class=\"fg-caption-inner\"><div class=\"fg-caption-title\">Ch\u00e1 da Amanda<\/div><\/div><\/figcaption><\/figure><div class=\"fg-loader\"><\/div><\/div><div class=\"fg-item fg-type-image fg-idle\"><figure class=\"fg-item-inner\"><a href=\"http:\/\/fabianarossi.com.br\/wp-content\/uploads\/2016\/04\/Cha-Amanda-09.jpg\" data-caption-title=\"Ch\u00e1 da Amanda\" data-attachment-id=\"374\" data-type=\"image\" class=\"fg-thumb\"><span class=\"fg-image-wrap\"><img decoding=\"async\" title=\"Ch\u00e1 da Amanda\" width=\"326\" height=\"220\" class=\"skip-lazy fg-image\" data-src-fg=\"http:\/\/fabianarossi.com.br\/wp-content\/uploads\/cache\/2016\/04\/Cha-Amanda-09\/2713204446.jpg\" src=\"data:image\/svg+xml,%3Csvg%20xmlns%3D%22http%3A%2F%2Fwww.w3.org%2F2000%2Fsvg%22%20width%3D%22326%22%20height%3D%22220%22%20viewBox%3D%220%200%20326%20220%22%3E%3C%2Fsvg%3E\" loading=\"eager\"><\/span><span class=\"fg-image-overlay\"><\/span><\/a><figcaption class=\"fg-caption\"><div class=\"fg-caption-inner\"><div class=\"fg-caption-title\">Ch\u00e1 da Amanda<\/div><\/div><\/figcaption><\/figure><div class=\"fg-loader\"><\/div><\/div><div class=\"fg-item fg-type-image fg-idle\"><figure class=\"fg-item-inner\"><a href=\"http:\/\/fabianarossi.com.br\/wp-content\/uploads\/2016\/04\/Cha-Amanda-08.jpg\" data-caption-title=\"Ch\u00e1 da Amanda\" data-attachment-id=\"373\" data-type=\"image\" class=\"fg-thumb\"><span class=\"fg-image-wrap\"><img decoding=\"async\" title=\"Ch\u00e1 da Amanda\" width=\"326\" height=\"220\" class=\"skip-lazy fg-image\" data-src-fg=\"http:\/\/fabianarossi.com.br\/wp-content\/uploads\/cache\/2016\/04\/Cha-Amanda-08\/3544617927.jpg\" src=\"data:image\/svg+xml,%3Csvg%20xmlns%3D%22http%3A%2F%2Fwww.w3.org%2F2000%2Fsvg%22%20width%3D%22326%22%20height%3D%22220%22%20viewBox%3D%220%200%20326%20220%22%3E%3C%2Fsvg%3E\" loading=\"eager\"><\/span><span class=\"fg-image-overlay\"><\/span><\/a><figcaption class=\"fg-caption\"><div class=\"fg-caption-inner\"><div class=\"fg-caption-title\">Ch\u00e1 da Amanda<\/div><\/div><\/figcaption><\/figure><div class=\"fg-loader\"><\/div><\/div><div class=\"fg-item fg-type-image fg-idle\"><figure class=\"fg-item-inner\"><a href=\"http:\/\/fabianarossi.com.br\/wp-content\/uploads\/2016\/04\/Cha-Amanda-07.jpg\" data-caption-title=\"Ch\u00e1 da Amanda\" data-attachment-id=\"372\" data-type=\"image\" class=\"fg-thumb\"><span class=\"fg-image-wrap\"><img decoding=\"async\" title=\"Ch\u00e1 da Amanda\" width=\"326\" height=\"220\" class=\"skip-lazy fg-image\" data-src-fg=\"http:\/\/fabianarossi.com.br\/wp-content\/uploads\/cache\/2016\/04\/Cha-Amanda-07\/4210873799.jpg\" src=\"data:image\/svg+xml,%3Csvg%20xmlns%3D%22http%3A%2F%2Fwww.w3.org%2F2000%2Fsvg%22%20width%3D%22326%22%20height%3D%22220%22%20viewBox%3D%220%200%20326%20220%22%3E%3C%2Fsvg%3E\" loading=\"eager\"><\/span><span class=\"fg-image-overlay\"><\/span><\/a><figcaption class=\"fg-caption\"><div class=\"fg-caption-inner\"><div class=\"fg-caption-title\">Ch\u00e1 da Amanda<\/div><\/div><\/figcaption><\/figure><div class=\"fg-loader\"><\/div><\/div><div class=\"fg-item fg-type-image fg-idle\"><figure class=\"fg-item-inner\"><a href=\"http:\/\/fabianarossi.com.br\/wp-content\/uploads\/2016\/04\/Cha-Amanda-05.jpg\" data-caption-title=\"Ch\u00e1 da Amanda\" data-attachment-id=\"370\" data-type=\"image\" class=\"fg-thumb\"><span class=\"fg-image-wrap\"><img decoding=\"async\" title=\"Ch\u00e1 da Amanda\" width=\"326\" height=\"220\" class=\"skip-lazy fg-image\" data-src-fg=\"http:\/\/fabianarossi.com.br\/wp-content\/uploads\/cache\/2016\/04\/Cha-Amanda-05\/2191293859.jpg\" src=\"data:image\/svg+xml,%3Csvg%20xmlns%3D%22http%3A%2F%2Fwww.w3.org%2F2000%2Fsvg%22%20width%3D%22326%22%20height%3D%22220%22%20viewBox%3D%220%200%20326%20220%22%3E%3C%2Fsvg%3E\" loading=\"eager\"><\/span><span class=\"fg-image-overlay\"><\/span><\/a><figcaption class=\"fg-caption\"><div class=\"fg-caption-inner\"><div class=\"fg-caption-title\">Ch\u00e1 da Amanda<\/div><\/div><\/figcaption><\/figure><div class=\"fg-loader\"><\/div><\/div><\/div>\n\n<p>&nbsp;<\/p>\n","protected":false},"excerpt":{"rendered":"<p>Ch\u00e1s de Beb\u00ea, Ch\u00e1s de Cozinha e Batizados &nbsp; &nbsp; &nbsp;<\/p>\n","protected":false},"author":1,"featured_media":1175,"parent":0,"menu_order":0,"comment_status":"closed","ping_status":"closed","template":"page-templates\/full-width-page.php","meta":{"nf_dc_page":"","jetpack_post_was_ever_published":false,"footnotes":""},"class_list":["post-42","page","type-page","status-publish","has-post-thumbnail","hentry"],"jetpack_sharing_enabled":false,"jetpack_shortlink":"https:\/\/wp.me\/P84J62-G","_links":{"self":[{"href":"http:\/\/fabianarossi.com.br\/index.php\/wp-json\/wp\/v2\/pages\/42","targetHints":{"allow":["GET"]}}],"collection":[{"href":"http:\/\/fabianarossi.com.br\/index.php\/wp-json\/wp\/v2\/pages"}],"about":[{"href":"http:\/\/fabianarossi.com.br\/index.php\/wp-json\/wp\/v2\/types\/page"}],"author":[{"embeddable":true,"href":"http:\/\/fabianarossi.com.br\/index.php\/wp-json\/wp\/v2\/users\/1"}],"replies":[{"embeddable":true,"href":"http:\/\/fabianarossi.com.br\/index.php\/wp-json\/wp\/v2\/comments?post=42"}],"version-history":[{"count":15,"href":"http:\/\/fabianarossi.com.br\/index.php\/wp-json\/wp\/v2\/pages\/42\/revisions"}],"predecessor-version":[{"id":1177,"href":"http:\/\/fabianarossi.com.br\/index.php\/wp-json\/wp\/v2\/pages\/42\/revisions\/1177"}],"wp:featuredmedia":[{"embeddable":true,"href":"http:\/\/fabianarossi.com.br\/index.php\/wp-json\/wp\/v2\/media\/1175"}],"wp:attachment":[{"href":"http:\/\/fabianarossi.com.br\/index.php\/wp-json\/wp\/v2\/media?parent=42"}],"curies":[{"name":"wp","href":"https:\/\/api.w.org\/{rel}","templated":true}]}}