{"id":44,"date":"2016-04-25T18:24:36","date_gmt":"2016-04-25T18:24:36","guid":{"rendered":"https:\/\/fabianarossisite.wordpress.com\/?page_id=44"},"modified":"2018-05-27T19:30:32","modified_gmt":"2018-05-27T19:30:32","slug":"eventos-corporativos","status":"publish","type":"page","link":"http:\/\/fabianarossi.com.br\/index.php\/eventos-corporativos\/","title":{"rendered":"Eventos Corporativos"},"content":{"rendered":"<blockquote>\n<h3>Recep\u00e7\u00f5es, inaugura\u00e7\u00f5es, lan\u00e7amentos, festas de final de ano.<\/h3>\n<h3>Todo o apoio \u00e0s organiza\u00e7\u00f5es na escolha do espa\u00e7o, decora\u00e7\u00e3o, defini\u00e7\u00e3o do menu, indica\u00e7\u00f5es de profissionais, contrata\u00e7\u00e3o e coordena\u00e7\u00e3o de fornecedores, recep\u00e7\u00e3o dos convidados.<\/h3>\n<\/blockquote>\n<p>&nbsp;<\/p>\n<p><style type=\"text\/css\">\n#foogallery-gallery-695 .fg-image { width: 360px; }\n#foogallery-gallery-695 { --fg-gutter: 10px; }<\/style>\n\t\t\t<div class=\"foogallery foogallery-container foogallery-default foogallery-lightbox-foobox fg-left fg-default fg-ready fg-light fg-border-thin fg-shadow-outline fg-loading-default fg-loaded-fade-in fg-caption-hover fg-hover-fade fg-hover-zoom\" id=\"foogallery-gallery-695\" data-foogallery=\"{&quot;item&quot;:{&quot;showCaptionTitle&quot;:true,&quot;showCaptionDescription&quot;:true},&quot;lazy&quot;:true}\" style=\"--fg-title-line-clamp: 0; --fg-description-line-clamp: 0;\" >\n\t<div class=\"fg-item fg-type-image fg-idle\"><figure class=\"fg-item-inner\"><a href=\"http:\/\/fabianarossi.com.br\/wp-content\/uploads\/2017\/03\/Festa-Hamam_099.jpg\" data-attachment-id=\"702\" data-type=\"image\" class=\"fg-thumb\"><span class=\"fg-image-wrap\"><img fetchpriority=\"high\" decoding=\"async\" width=\"360\" height=\"235\" class=\"skip-lazy fg-image\" data-src-fg=\"http:\/\/fabianarossi.com.br\/wp-content\/uploads\/cache\/2017\/03\/Festa-Hamam_099\/466018504.jpg\" src=\"data:image\/svg+xml,%3Csvg%20xmlns%3D%22http%3A%2F%2Fwww.w3.org%2F2000%2Fsvg%22%20width%3D%22360%22%20height%3D%22235%22%20viewBox%3D%220%200%20360%20235%22%3E%3C%2Fsvg%3E\" loading=\"eager\"><\/span><span class=\"fg-image-overlay\"><\/span><\/a><\/figure><div class=\"fg-loader\"><\/div><\/div><div class=\"fg-item fg-type-image fg-idle\"><figure class=\"fg-item-inner\"><a href=\"http:\/\/fabianarossi.com.br\/wp-content\/uploads\/2017\/03\/Festa-Hamam_006.jpg\" data-attachment-id=\"696\" data-type=\"image\" class=\"fg-thumb\"><span class=\"fg-image-wrap\"><img decoding=\"async\" width=\"360\" height=\"235\" class=\"skip-lazy fg-image\" data-src-fg=\"http:\/\/fabianarossi.com.br\/wp-content\/uploads\/cache\/2017\/03\/Festa-Hamam_006\/3102267749.jpg\" src=\"data:image\/svg+xml,%3Csvg%20xmlns%3D%22http%3A%2F%2Fwww.w3.org%2F2000%2Fsvg%22%20width%3D%22360%22%20height%3D%22235%22%20viewBox%3D%220%200%20360%20235%22%3E%3C%2Fsvg%3E\" loading=\"eager\"><\/span><span class=\"fg-image-overlay\"><\/span><\/a><\/figure><div class=\"fg-loader\"><\/div><\/div><div class=\"fg-item fg-type-image fg-idle\"><figure class=\"fg-item-inner\"><a href=\"http:\/\/fabianarossi.com.br\/wp-content\/uploads\/2017\/03\/Festa-Hamam_012.jpg\" data-attachment-id=\"697\" data-type=\"image\" class=\"fg-thumb\"><span class=\"fg-image-wrap\"><img decoding=\"async\" width=\"360\" height=\"235\" class=\"skip-lazy fg-image\" data-src-fg=\"http:\/\/fabianarossi.com.br\/wp-content\/uploads\/cache\/2017\/03\/Festa-Hamam_012\/1164793166.jpg\" src=\"data:image\/svg+xml,%3Csvg%20xmlns%3D%22http%3A%2F%2Fwww.w3.org%2F2000%2Fsvg%22%20width%3D%22360%22%20height%3D%22235%22%20viewBox%3D%220%200%20360%20235%22%3E%3C%2Fsvg%3E\" loading=\"eager\"><\/span><span class=\"fg-image-overlay\"><\/span><\/a><\/figure><div class=\"fg-loader\"><\/div><\/div><div class=\"fg-item fg-type-image fg-idle\"><figure class=\"fg-item-inner\"><a href=\"http:\/\/fabianarossi.com.br\/wp-content\/uploads\/2017\/03\/Festa-Hamam_015.jpg\" data-attachment-id=\"698\" data-type=\"image\" class=\"fg-thumb\"><span class=\"fg-image-wrap\"><img decoding=\"async\" width=\"360\" height=\"235\" class=\"skip-lazy fg-image\" data-src-fg=\"http:\/\/fabianarossi.com.br\/wp-content\/uploads\/cache\/2017\/03\/Festa-Hamam_015\/1586496506.jpg\" src=\"data:image\/svg+xml,%3Csvg%20xmlns%3D%22http%3A%2F%2Fwww.w3.org%2F2000%2Fsvg%22%20width%3D%22360%22%20height%3D%22235%22%20viewBox%3D%220%200%20360%20235%22%3E%3C%2Fsvg%3E\" loading=\"eager\"><\/span><span class=\"fg-image-overlay\"><\/span><\/a><\/figure><div class=\"fg-loader\"><\/div><\/div><div class=\"fg-item fg-type-image fg-idle\"><figure class=\"fg-item-inner\"><a href=\"http:\/\/fabianarossi.com.br\/wp-content\/uploads\/2017\/03\/Festa-Hamam_018.jpg\" data-attachment-id=\"699\" data-type=\"image\" class=\"fg-thumb\"><span class=\"fg-image-wrap\"><img decoding=\"async\" width=\"360\" height=\"235\" class=\"skip-lazy fg-image\" data-src-fg=\"http:\/\/fabianarossi.com.br\/wp-content\/uploads\/cache\/2017\/03\/Festa-Hamam_018\/2871099577.jpg\" src=\"data:image\/svg+xml,%3Csvg%20xmlns%3D%22http%3A%2F%2Fwww.w3.org%2F2000%2Fsvg%22%20width%3D%22360%22%20height%3D%22235%22%20viewBox%3D%220%200%20360%20235%22%3E%3C%2Fsvg%3E\" loading=\"eager\"><\/span><span class=\"fg-image-overlay\"><\/span><\/a><\/figure><div class=\"fg-loader\"><\/div><\/div><div class=\"fg-item fg-type-image fg-idle\"><figure class=\"fg-item-inner\"><a href=\"http:\/\/fabianarossi.com.br\/wp-content\/uploads\/2017\/03\/Festa-Hamam_025.jpg\" data-attachment-id=\"700\" data-type=\"image\" class=\"fg-thumb\"><span class=\"fg-image-wrap\"><img decoding=\"async\" width=\"360\" height=\"235\" class=\"skip-lazy fg-image\" data-src-fg=\"http:\/\/fabianarossi.com.br\/wp-content\/uploads\/cache\/2017\/03\/Festa-Hamam_025\/324355710.jpg\" src=\"data:image\/svg+xml,%3Csvg%20xmlns%3D%22http%3A%2F%2Fwww.w3.org%2F2000%2Fsvg%22%20width%3D%22360%22%20height%3D%22235%22%20viewBox%3D%220%200%20360%20235%22%3E%3C%2Fsvg%3E\" loading=\"eager\"><\/span><span class=\"fg-image-overlay\"><\/span><\/a><\/figure><div class=\"fg-loader\"><\/div><\/div><div class=\"fg-item fg-type-image fg-idle\"><figure class=\"fg-item-inner\"><a href=\"http:\/\/fabianarossi.com.br\/wp-content\/uploads\/2017\/03\/Festa-Hamam_097.jpg\" data-attachment-id=\"701\" data-type=\"image\" class=\"fg-thumb\"><span class=\"fg-image-wrap\"><img decoding=\"async\" width=\"360\" height=\"235\" class=\"skip-lazy fg-image\" data-src-fg=\"http:\/\/fabianarossi.com.br\/wp-content\/uploads\/cache\/2017\/03\/Festa-Hamam_097\/3180415308.jpg\" src=\"data:image\/svg+xml,%3Csvg%20xmlns%3D%22http%3A%2F%2Fwww.w3.org%2F2000%2Fsvg%22%20width%3D%22360%22%20height%3D%22235%22%20viewBox%3D%220%200%20360%20235%22%3E%3C%2Fsvg%3E\" loading=\"eager\"><\/span><span class=\"fg-image-overlay\"><\/span><\/a><\/figure><div class=\"fg-loader\"><\/div><\/div><div class=\"fg-item fg-type-image fg-idle\"><figure class=\"fg-item-inner\"><a href=\"http:\/\/fabianarossi.com.br\/wp-content\/uploads\/2017\/03\/Festa-Hamam_105.jpg\" data-attachment-id=\"703\" data-type=\"image\" class=\"fg-thumb\"><span class=\"fg-image-wrap\"><img decoding=\"async\" width=\"360\" height=\"235\" class=\"skip-lazy fg-image\" data-src-fg=\"http:\/\/fabianarossi.com.br\/wp-content\/uploads\/cache\/2017\/03\/Festa-Hamam_105\/1639759472.jpg\" src=\"data:image\/svg+xml,%3Csvg%20xmlns%3D%22http%3A%2F%2Fwww.w3.org%2F2000%2Fsvg%22%20width%3D%22360%22%20height%3D%22235%22%20viewBox%3D%220%200%20360%20235%22%3E%3C%2Fsvg%3E\" loading=\"eager\"><\/span><span class=\"fg-image-overlay\"><\/span><\/a><\/figure><div class=\"fg-loader\"><\/div><\/div><div class=\"fg-item fg-type-image fg-idle\"><figure class=\"fg-item-inner\"><a href=\"http:\/\/fabianarossi.com.br\/wp-content\/uploads\/2017\/03\/Festa-Hamam_108.jpg\" data-attachment-id=\"704\" data-type=\"image\" class=\"fg-thumb\"><span class=\"fg-image-wrap\"><img decoding=\"async\" width=\"360\" height=\"235\" class=\"skip-lazy fg-image\" data-src-fg=\"http:\/\/fabianarossi.com.br\/wp-content\/uploads\/cache\/2017\/03\/Festa-Hamam_108\/684149790.jpg\" src=\"data:image\/svg+xml,%3Csvg%20xmlns%3D%22http%3A%2F%2Fwww.w3.org%2F2000%2Fsvg%22%20width%3D%22360%22%20height%3D%22235%22%20viewBox%3D%220%200%20360%20235%22%3E%3C%2Fsvg%3E\" loading=\"eager\"><\/span><span class=\"fg-image-overlay\"><\/span><\/a><\/figure><div class=\"fg-loader\"><\/div><\/div><div class=\"fg-item fg-type-image fg-idle\"><figure class=\"fg-item-inner\"><a href=\"http:\/\/fabianarossi.com.br\/wp-content\/uploads\/2017\/03\/Festa-Hamam_110.jpg\" data-attachment-id=\"705\" data-type=\"image\" class=\"fg-thumb\"><span class=\"fg-image-wrap\"><img decoding=\"async\" width=\"360\" height=\"235\" class=\"skip-lazy fg-image\" data-src-fg=\"http:\/\/fabianarossi.com.br\/wp-content\/uploads\/cache\/2017\/03\/Festa-Hamam_110\/2196624762.jpg\" src=\"data:image\/svg+xml,%3Csvg%20xmlns%3D%22http%3A%2F%2Fwww.w3.org%2F2000%2Fsvg%22%20width%3D%22360%22%20height%3D%22235%22%20viewBox%3D%220%200%20360%20235%22%3E%3C%2Fsvg%3E\" loading=\"eager\"><\/span><span class=\"fg-image-overlay\"><\/span><\/a><\/figure><div class=\"fg-loader\"><\/div><\/div><\/div>\n<br \/>\n&nbsp;<br \/>\n<style type=\"text\/css\">\n#foogallery-gallery-694 .fg-image { width: 360px; }\n#foogallery-gallery-694 { --fg-gutter: 10px; }<\/style>\n\t\t\t<div class=\"foogallery foogallery-container foogallery-default foogallery-lightbox-foobox fg-left fg-default fg-ready fg-light fg-border-thin fg-shadow-outline fg-loading-default fg-loaded-fade-in fg-caption-hover fg-hover-fade fg-hover-zoom\" id=\"foogallery-gallery-694\" data-foogallery=\"{&quot;item&quot;:{&quot;showCaptionTitle&quot;:true,&quot;showCaptionDescription&quot;:true},&quot;lazy&quot;:true}\" style=\"--fg-title-line-clamp: 0; --fg-description-line-clamp: 0;\" >\n\t<div class=\"fg-item fg-type-image fg-idle\"><figure class=\"fg-item-inner\"><a href=\"http:\/\/fabianarossi.com.br\/wp-content\/uploads\/2016\/04\/Proskauer-009.jpg\" data-caption-title=\"Proskauer\" data-attachment-id=\"423\" data-type=\"image\" class=\"fg-thumb\"><span class=\"fg-image-wrap\"><img decoding=\"async\" title=\"Proskauer\" width=\"360\" height=\"235\" class=\"skip-lazy fg-image\" data-src-fg=\"http:\/\/fabianarossi.com.br\/wp-content\/uploads\/cache\/2016\/04\/Proskauer-009\/894274774.jpg\" src=\"data:image\/svg+xml,%3Csvg%20xmlns%3D%22http%3A%2F%2Fwww.w3.org%2F2000%2Fsvg%22%20width%3D%22360%22%20height%3D%22235%22%20viewBox%3D%220%200%20360%20235%22%3E%3C%2Fsvg%3E\" loading=\"eager\"><\/span><span class=\"fg-image-overlay\"><\/span><\/a><figcaption class=\"fg-caption\"><div class=\"fg-caption-inner\"><div class=\"fg-caption-title\">Proskauer<\/div><\/div><\/figcaption><\/figure><div class=\"fg-loader\"><\/div><\/div><div class=\"fg-item fg-type-image fg-idle\"><figure class=\"fg-item-inner\"><a href=\"http:\/\/fabianarossi.com.br\/wp-content\/uploads\/2016\/04\/Proskauer-031.jpg\" data-caption-title=\"Proskauer\" data-attachment-id=\"426\" data-type=\"image\" class=\"fg-thumb\"><span class=\"fg-image-wrap\"><img decoding=\"async\" title=\"Proskauer\" width=\"360\" height=\"235\" class=\"skip-lazy fg-image\" data-src-fg=\"http:\/\/fabianarossi.com.br\/wp-content\/uploads\/cache\/2016\/04\/Proskauer-031\/1530175800.jpg\" src=\"data:image\/svg+xml,%3Csvg%20xmlns%3D%22http%3A%2F%2Fwww.w3.org%2F2000%2Fsvg%22%20width%3D%22360%22%20height%3D%22235%22%20viewBox%3D%220%200%20360%20235%22%3E%3C%2Fsvg%3E\" loading=\"eager\"><\/span><span class=\"fg-image-overlay\"><\/span><\/a><figcaption class=\"fg-caption\"><div class=\"fg-caption-inner\"><div class=\"fg-caption-title\">Proskauer<\/div><\/div><\/figcaption><\/figure><div class=\"fg-loader\"><\/div><\/div><div class=\"fg-item fg-type-image fg-idle\"><figure class=\"fg-item-inner\"><a href=\"http:\/\/fabianarossi.com.br\/wp-content\/uploads\/2016\/04\/Proskauer-013.jpg\" data-caption-title=\"Proskauer\" data-attachment-id=\"424\" data-type=\"image\" class=\"fg-thumb\"><span class=\"fg-image-wrap\"><img decoding=\"async\" title=\"Proskauer\" width=\"360\" height=\"235\" class=\"skip-lazy fg-image\" data-src-fg=\"http:\/\/fabianarossi.com.br\/wp-content\/uploads\/cache\/2016\/04\/Proskauer-013\/228729306.jpg\" src=\"data:image\/svg+xml,%3Csvg%20xmlns%3D%22http%3A%2F%2Fwww.w3.org%2F2000%2Fsvg%22%20width%3D%22360%22%20height%3D%22235%22%20viewBox%3D%220%200%20360%20235%22%3E%3C%2Fsvg%3E\" loading=\"eager\"><\/span><span class=\"fg-image-overlay\"><\/span><\/a><figcaption class=\"fg-caption\"><div class=\"fg-caption-inner\"><div class=\"fg-caption-title\">Proskauer<\/div><\/div><\/figcaption><\/figure><div class=\"fg-loader\"><\/div><\/div><div class=\"fg-item fg-type-image fg-idle\"><figure class=\"fg-item-inner\"><a href=\"http:\/\/fabianarossi.com.br\/wp-content\/uploads\/2016\/04\/Proskauer-003.jpg\" data-caption-title=\"Proskauer\" data-attachment-id=\"421\" data-type=\"image\" class=\"fg-thumb\"><span class=\"fg-image-wrap\"><img decoding=\"async\" title=\"Proskauer\" width=\"360\" height=\"235\" class=\"skip-lazy fg-image\" data-src-fg=\"http:\/\/fabianarossi.com.br\/wp-content\/uploads\/cache\/2016\/04\/Proskauer-003\/2663923463.jpg\" src=\"data:image\/svg+xml,%3Csvg%20xmlns%3D%22http%3A%2F%2Fwww.w3.org%2F2000%2Fsvg%22%20width%3D%22360%22%20height%3D%22235%22%20viewBox%3D%220%200%20360%20235%22%3E%3C%2Fsvg%3E\" loading=\"eager\"><\/span><span class=\"fg-image-overlay\"><\/span><\/a><figcaption class=\"fg-caption\"><div class=\"fg-caption-inner\"><div class=\"fg-caption-title\">Proskauer<\/div><\/div><\/figcaption><\/figure><div class=\"fg-loader\"><\/div><\/div><div class=\"fg-item fg-type-image fg-idle\"><figure class=\"fg-item-inner\"><a href=\"http:\/\/fabianarossi.com.br\/wp-content\/uploads\/2016\/04\/Proskauer-008.jpg\" data-caption-title=\"Proskauer\" data-attachment-id=\"422\" data-type=\"image\" class=\"fg-thumb\"><span class=\"fg-image-wrap\"><img decoding=\"async\" title=\"Proskauer\" width=\"360\" height=\"235\" class=\"skip-lazy fg-image\" data-src-fg=\"http:\/\/fabianarossi.com.br\/wp-content\/uploads\/cache\/2016\/04\/Proskauer-008\/159242468.jpg\" src=\"data:image\/svg+xml,%3Csvg%20xmlns%3D%22http%3A%2F%2Fwww.w3.org%2F2000%2Fsvg%22%20width%3D%22360%22%20height%3D%22235%22%20viewBox%3D%220%200%20360%20235%22%3E%3C%2Fsvg%3E\" loading=\"eager\"><\/span><span class=\"fg-image-overlay\"><\/span><\/a><figcaption class=\"fg-caption\"><div class=\"fg-caption-inner\"><div class=\"fg-caption-title\">Proskauer<\/div><\/div><\/figcaption><\/figure><div class=\"fg-loader\"><\/div><\/div><div class=\"fg-item fg-type-image fg-idle\"><figure class=\"fg-item-inner\"><a href=\"http:\/\/fabianarossi.com.br\/wp-content\/uploads\/2016\/04\/Proskauer-001.jpg\" data-caption-title=\"Proskauer\" data-attachment-id=\"420\" data-type=\"image\" class=\"fg-thumb\"><span class=\"fg-image-wrap\"><img decoding=\"async\" title=\"Proskauer\" width=\"360\" height=\"235\" class=\"skip-lazy fg-image\" data-src-fg=\"http:\/\/fabianarossi.com.br\/wp-content\/uploads\/cache\/2016\/04\/Proskauer-001\/746024150.jpg\" src=\"data:image\/svg+xml,%3Csvg%20xmlns%3D%22http%3A%2F%2Fwww.w3.org%2F2000%2Fsvg%22%20width%3D%22360%22%20height%3D%22235%22%20viewBox%3D%220%200%20360%20235%22%3E%3C%2Fsvg%3E\" loading=\"eager\"><\/span><span class=\"fg-image-overlay\"><\/span><\/a><figcaption class=\"fg-caption\"><div class=\"fg-caption-inner\"><div class=\"fg-caption-title\">Proskauer<\/div><\/div><\/figcaption><\/figure><div class=\"fg-loader\"><\/div><\/div><\/div>\n<\/p>\n","protected":false},"excerpt":{"rendered":"<p>Recep\u00e7\u00f5es, inaugura\u00e7\u00f5es, lan\u00e7amentos, festas de final de ano. Todo o apoio \u00e0s organiza\u00e7\u00f5es na escolha do espa\u00e7o, decora\u00e7\u00e3o, defini\u00e7\u00e3o do menu, indica\u00e7\u00f5es de profissionais, contrata\u00e7\u00e3o e coordena\u00e7\u00e3o de fornecedores, recep\u00e7\u00e3o dos convidados. &nbsp; &nbsp;<\/p>\n","protected":false},"author":1,"featured_media":518,"parent":0,"menu_order":0,"comment_status":"closed","ping_status":"closed","template":"page-templates\/full-width-page.php","meta":{"nf_dc_page":"","jetpack_post_was_ever_published":false,"footnotes":""},"class_list":["post-44","page","type-page","status-publish","has-post-thumbnail","hentry"],"jetpack_sharing_enabled":false,"jetpack_shortlink":"https:\/\/wp.me\/P84J62-I","_links":{"self":[{"href":"http:\/\/fabianarossi.com.br\/index.php\/wp-json\/wp\/v2\/pages\/44","targetHints":{"allow":["GET"]}}],"collection":[{"href":"http:\/\/fabianarossi.com.br\/index.php\/wp-json\/wp\/v2\/pages"}],"about":[{"href":"http:\/\/fabianarossi.com.br\/index.php\/wp-json\/wp\/v2\/types\/page"}],"author":[{"embeddable":true,"href":"http:\/\/fabianarossi.com.br\/index.php\/wp-json\/wp\/v2\/users\/1"}],"replies":[{"embeddable":true,"href":"http:\/\/fabianarossi.com.br\/index.php\/wp-json\/wp\/v2\/comments?post=44"}],"version-history":[{"count":12,"href":"http:\/\/fabianarossi.com.br\/index.php\/wp-json\/wp\/v2\/pages\/44\/revisions"}],"predecessor-version":[{"id":1113,"href":"http:\/\/fabianarossi.com.br\/index.php\/wp-json\/wp\/v2\/pages\/44\/revisions\/1113"}],"wp:featuredmedia":[{"embeddable":true,"href":"http:\/\/fabianarossi.com.br\/index.php\/wp-json\/wp\/v2\/media\/518"}],"wp:attachment":[{"href":"http:\/\/fabianarossi.com.br\/index.php\/wp-json\/wp\/v2\/media?parent=44"}],"curies":[{"name":"wp","href":"https:\/\/api.w.org\/{rel}","templated":true}]}}