{"id":6,"date":"2016-04-25T16:29:12","date_gmt":"2016-04-25T16:29:12","guid":{"rendered":"https:\/\/fabianarossisite.wordpress.com\/about\/"},"modified":"2018-05-29T18:24:29","modified_gmt":"2018-05-29T18:24:29","slug":"about","status":"publish","type":"page","link":"http:\/\/fabianarossi.com.br\/index.php\/about\/","title":{"rendered":"Fabiana Rossi"},"content":{"rendered":"<h4><\/h4>\n<blockquote>\n<h4><img data-recalc-dims=\"1\" decoding=\"async\" data-attachment-id=\"942\" data-permalink=\"http:\/\/fabianarossi.com.br\/index.php\/about\/fabianarossi2\/#main\" data-orig-file=\"https:\/\/i0.wp.com\/fabianarossi.com.br\/wp-content\/uploads\/2018\/05\/fabianarossi2-e1527446473886.jpg?fit=1019%2C989\" data-orig-size=\"1019,989\" data-comments-opened=\"1\" data-image-meta=\"{&quot;aperture&quot;:&quot;0&quot;,&quot;credit&quot;:&quot;&quot;,&quot;camera&quot;:&quot;&quot;,&quot;caption&quot;:&quot;&quot;,&quot;created_timestamp&quot;:&quot;0&quot;,&quot;copyright&quot;:&quot;&quot;,&quot;focal_length&quot;:&quot;0&quot;,&quot;iso&quot;:&quot;0&quot;,&quot;shutter_speed&quot;:&quot;0&quot;,&quot;title&quot;:&quot;&quot;,&quot;orientation&quot;:&quot;1&quot;}\" data-image-title=\"fabianarossi2\" data-image-description=\"\" data-image-caption=\"\" data-medium-file=\"https:\/\/i0.wp.com\/fabianarossi.com.br\/wp-content\/uploads\/2018\/05\/fabianarossi2-e1527446473886.jpg?fit=300%2C291\" data-large-file=\"https:\/\/i0.wp.com\/fabianarossi.com.br\/wp-content\/uploads\/2018\/05\/fabianarossi2-e1527446473886.jpg?fit=890%2C864\" loading=\"lazy\" class=\"alignleft wp-image-942 size-stay-logo\" src=\"https:\/\/i0.wp.com\/fabianarossi.com.br\/wp-content\/uploads\/2018\/05\/fabianarossi2-e1527446473886-412x400.jpg?resize=412%2C400\" alt=\"\" width=\"412\" height=\"400\" srcset=\"https:\/\/i0.wp.com\/fabianarossi.com.br\/wp-content\/uploads\/2018\/05\/fabianarossi2-e1527446473886.jpg?resize=412%2C400 412w, https:\/\/i0.wp.com\/fabianarossi.com.br\/wp-content\/uploads\/2018\/05\/fabianarossi2-e1527446473886.jpg?resize=300%2C291 300w, https:\/\/i0.wp.com\/fabianarossi.com.br\/wp-content\/uploads\/2018\/05\/fabianarossi2-e1527446473886.jpg?resize=768%2C745 768w, https:\/\/i0.wp.com\/fabianarossi.com.br\/wp-content\/uploads\/2018\/05\/fabianarossi2-e1527446473886.jpg?w=1019 1019w\" sizes=\"auto, (max-width: 412px) 100vw, 412px\" \/><\/h4>\n<p style=\"font-size: 15px;\"><span style=\"font-family: verdana;\"><br \/>\nO trabalho da assessora Fabiana Rossi \u00e9 marcado pela eleg\u00e2ncia e delicadeza. Com mais de 20 anos de experi\u00eancia, j\u00e1 trabalhou com grandes nomes, atuando em importantes recep\u00e7\u00f5es do pa\u00eds e eventos internacionais. Entre seus maiores diferenciais est\u00e3o a confian\u00e7a e a seguran\u00e7a na hora de tomar decis\u00f5es e sua forma\u00e7\u00e3o \u2013 ela faz parte de um seleto grupo de profissionais de eventos que traz um diploma de hotelaria e vasto conhecimento em gastronomia.<\/span><\/p>\n<p style=\"font-size: 15px;\"><span style=\"font-family: verdana;\">Quando o assunto \u00e9 festa impec\u00e1vel, Fabiana entende que bom planejamento, aten\u00e7\u00e3o cuidadosa aos detalhes, dedica\u00e7\u00e3o e entendimento do anfitri\u00e3o, s\u00e3o fundamentais para trazer harmonia aos servi\u00e7os que v\u00e3o da escolha do menu \u00e0 decora\u00e7\u00e3o. Apaixonada por seu trabalho e atenta ao que acontece de mais atual no universo de festas, continuamente pesquisa tend\u00eancias e faz quest\u00e3o de levar para o cliente as novidades que aliam sofistica\u00e7\u00e3o e leveza. \u201cValorizo o perene, aquilo que n\u00e3o sair\u00e1 de moda. O importante \u00e9 conferir no futuro uma mem\u00f3ria de momentos \u00fanicos, compartilhados em atmosfera de bem-estar e repleta de detalhes elegantes do evento\u201d, explica.<\/span><\/p>\n<\/blockquote>\n<p>&nbsp;<\/p>\n<hr \/>\n<p>&nbsp;<\/p>\n<blockquote>\n<p style=\"font-size: 15px; padding-left: 90px;\"><span style=\"font-family: verdana;\"><em>\u201cSou feliz por continuar a ser lembrada e contratada pelos clientes que, ap\u00f3s a primeira festa ou evento, passam a me procurar para organizar outras comemora\u00e7\u00f5es: recep\u00e7\u00f5es em suas casas, anivers\u00e1rios, ch\u00e1s ou inaugura\u00e7\u00f5es e lan\u00e7amentos de suas empresas. Isso \u00e9 a certeza que estou fazendo e entregando um bom trabalho\u201d<\/em><\/span><\/p>\n<\/blockquote>\n","protected":false},"excerpt":{"rendered":"<p>This is just a short excerpt for the about&nbsp;page.<\/p>\n","protected":false},"author":1,"featured_media":0,"parent":0,"menu_order":1,"comment_status":"closed","ping_status":"closed","template":"page-templates\/full-width-page.php","meta":{"nf_dc_page":"","jetpack_post_was_ever_published":false,"footnotes":""},"class_list":["post-6","page","type-page","status-publish","hentry"],"jetpack_sharing_enabled":false,"jetpack_shortlink":"https:\/\/wp.me\/P84J62-6","_links":{"self":[{"href":"http:\/\/fabianarossi.com.br\/index.php\/wp-json\/wp\/v2\/pages\/6","targetHints":{"allow":["GET"]}}],"collection":[{"href":"http:\/\/fabianarossi.com.br\/index.php\/wp-json\/wp\/v2\/pages"}],"about":[{"href":"http:\/\/fabianarossi.com.br\/index.php\/wp-json\/wp\/v2\/types\/page"}],"author":[{"embeddable":true,"href":"http:\/\/fabianarossi.com.br\/index.php\/wp-json\/wp\/v2\/users\/1"}],"replies":[{"embeddable":true,"href":"http:\/\/fabianarossi.com.br\/index.php\/wp-json\/wp\/v2\/comments?post=6"}],"version-history":[{"count":28,"href":"http:\/\/fabianarossi.com.br\/index.php\/wp-json\/wp\/v2\/pages\/6\/revisions"}],"predecessor-version":[{"id":1249,"href":"http:\/\/fabianarossi.com.br\/index.php\/wp-json\/wp\/v2\/pages\/6\/revisions\/1249"}],"wp:attachment":[{"href":"http:\/\/fabianarossi.com.br\/index.php\/wp-json\/wp\/v2\/media?parent=6"}],"curies":[{"name":"wp","href":"https:\/\/api.w.org\/{rel}","templated":true}]}}